{"id":97,"date":"2026-03-16T12:13:00","date_gmt":"2026-03-16T12:13:00","guid":{"rendered":"https:\/\/unistudy.io\/?page_id=97"},"modified":"2026-04-06T13:45:10","modified_gmt":"2026-04-06T13:45:10","slug":"chinh-sach-bao-mat","status":"publish","type":"page","link":"https:\/\/unistudy.io\/vi-vn\/chinh-sach-bao-mat\/","title":{"rendered":"Ch\u00ednh S\u00e1ch B\u1ea3o M\u1eadt MM88 Cam K\u1ebft An To\u00e0n Th\u00f4ng Tin"},"content":{"rendered":"<h1 style=\"text-align: center;\"><span class=\"ez-toc-section\" id=\"Chinh_Sach_Bao_Mat_MM88_Cam_Ket_An_Toan_Thong_Tin\"><\/span><b>Ch\u00ednh S\u00e1ch B\u1ea3o M\u1eadt MM88 Cam K\u1ebft An To\u00e0n Th\u00f4ng Tin<\/b><span class=\"ez-toc-section-end\"><\/span><\/h1>\n<p><span style=\"font-weight: 400;\">Trong m\u00f4i tr\u01b0\u1eddng c\u00e1 c\u01b0\u1ee3c tr\u1ef1c tuy\u1ebfn, vi\u1ec7c b\u1ea3o v\u1ec7 d\u1eef li\u1ec7u c\u00e1 nh\u00e2n l\u00e0 y\u1ebfu t\u1ed1 quan tr\u1ecdng h\u00e0ng \u0111\u1ea7u.<a href=\"https:\/\/unistudy.io\/chinh-sach-bao-mat\/\"> <strong>C<\/strong><\/a><\/span><a href=\"https:\/\/unistudy.io\/chinh-sach-bao-mat\/\"><b>h\u00ednh s\u00e1ch b\u1ea3o m\u1eadt<\/b><\/a><span style=\"font-weight: 400;\"> t\u1ea1i MM88 \u0111\u01b0\u1ee3c x\u00e2y d\u1ef1ng nh\u1eb1m \u0111\u1ea3m b\u1ea3o an to\u00e0n tuy\u1ec7t \u0111\u1ed1i cho th\u00f4ng tin ng\u01b0\u1eddi d\u00f9ng. Kh\u00f4ng ch\u1ec9 l\u00e0 quy \u0111\u1ecbnh ph\u00e1p l\u00fd, \u0111\u00e2y c\u00f2n l\u00e0 cam k\u1ebft minh b\u1ea1ch gi\u00fap ng\u01b0\u1eddi ch\u01a1i y\u00ean t\u00e2m tr\u1ea3i nghi\u1ec7m d\u1ecbch v\u1ee5 l\u00e2u d\u00e0i.<\/span><\/p><div id=\"ez-toc-container\" class=\"ez-toc-v2_0_82_2 counter-hierarchy ez-toc-counter ez-toc-custom ez-toc-container-direction\">\n<div class=\"ez-toc-title-container\">\n<p class=\"ez-toc-title\" style=\"cursor:inherit\">N\u1ed9i dung<\/p>\n<span class=\"ez-toc-title-toggle\"><a href=\"#\" class=\"ez-toc-pull-right ez-toc-btn ez-toc-btn-xs ez-toc-btn-default ez-toc-toggle\" aria-label=\"Toggle Table of Content\"><span class=\"ez-toc-js-icon-con\"><span class=\"\"><span class=\"eztoc-hide\" style=\"display:none;\">Toggle<\/span><span class=\"ez-toc-icon-toggle-span\"><svg style=\"fill: #000000;color:#000000\" xmlns=\"http:\/\/www.w3.org\/2000\/svg\" class=\"list-377408\" width=\"20px\" height=\"20px\" viewBox=\"0 0 24 24\" fill=\"none\"><path d=\"M6 6H4v2h2V6zm14 0H8v2h12V6zM4 11h2v2H4v-2zm16 0H8v2h12v-2zM4 16h2v2H4v-2zm16 0H8v2h12v-2z\" fill=\"currentColor\"><\/path><\/svg><svg style=\"fill: #000000;color:#000000\" class=\"arrow-unsorted-368013\" xmlns=\"http:\/\/www.w3.org\/2000\/svg\" width=\"10px\" height=\"10px\" viewBox=\"0 0 24 24\" version=\"1.2\" baseProfile=\"tiny\"><path d=\"M18.2 9.3l-6.2-6.3-6.2 6.3c-.2.2-.3.4-.3.7s.1.5.3.7c.2.2.4.3.7.3h11c.3 0 .5-.1.7-.3.2-.2.3-.5.3-.7s-.1-.5-.3-.7zM5.8 14.7l6.2 6.3 6.2-6.3c.2-.2.3-.5.3-.7s-.1-.5-.3-.7c-.2-.2-.4-.3-.7-.3h-11c-.3 0-.5.1-.7.3-.2.2-.3.5-.3.7s.1.5.3.7z\"\/><\/svg><\/span><\/span><\/span><\/a><\/span><\/div>\n<nav><ul class='ez-toc-list ez-toc-list-level-1 ' ><li class='ez-toc-page-1 ez-toc-heading-level-1'><a class=\"ez-toc-link ez-toc-heading-1\" href=\"https:\/\/unistudy.io\/vi-vn\/chinh-sach-bao-mat\/#Chinh_Sach_Bao_Mat_MM88_Cam_Ket_An_Toan_Thong_Tin\" >Ch\u00ednh S\u00e1ch B\u1ea3o M\u1eadt MM88 Cam K\u1ebft An To\u00e0n Th\u00f4ng Tin<\/a><ul class='ez-toc-list-level-2' ><li class='ez-toc-heading-level-2'><a class=\"ez-toc-link ez-toc-heading-2\" href=\"https:\/\/unistudy.io\/vi-vn\/chinh-sach-bao-mat\/#Chinh_sach_bao_mat_MM88_quan_trong_ra_sao\" >Ch\u00ednh s\u00e1ch b\u1ea3o m\u1eadt MM88 quan tr\u1ecdng ra sao<\/a><ul class='ez-toc-list-level-3' ><li class='ez-toc-heading-level-3'><a class=\"ez-toc-link ez-toc-heading-3\" href=\"https:\/\/unistudy.io\/vi-vn\/chinh-sach-bao-mat\/#Bao_ve_thong_tin_ca_nhan_nguoi_dung_an_toan\" >B\u1ea3o v\u1ec7 th\u00f4ng tin c\u00e1 nh\u00e2n ng\u01b0\u1eddi d\u00f9ng an to\u00e0n<\/a><\/li><li class='ez-toc-page-1 ez-toc-heading-level-3'><a class=\"ez-toc-link ez-toc-heading-4\" href=\"https:\/\/unistudy.io\/vi-vn\/chinh-sach-bao-mat\/#Tao_su_minh_bach_va_tang_niem_tin\" >T\u1ea1o s\u1ef1 minh b\u1ea1ch v\u00e0 t\u0103ng ni\u1ec1m tin<\/a><\/li><\/ul><\/li><li class='ez-toc-page-1 ez-toc-heading-level-2'><a class=\"ez-toc-link ez-toc-heading-5\" href=\"https:\/\/unistudy.io\/vi-vn\/chinh-sach-bao-mat\/#Noi_dung_chinh_trong_chinh_sach_bao_mat_MM88\" >N\u1ed9i dung ch\u00ednh trong ch\u00ednh s\u00e1ch b\u1ea3o m\u1eadt MM88<\/a><ul class='ez-toc-list-level-3' ><li class='ez-toc-heading-level-3'><a class=\"ez-toc-link ez-toc-heading-6\" href=\"https:\/\/unistudy.io\/vi-vn\/chinh-sach-bao-mat\/#Thong_tin_nguoi_dung_duoc_thu_thap_gom_gi\" >Th\u00f4ng tin ng\u01b0\u1eddi d\u00f9ng \u0111\u01b0\u1ee3c thu th\u1eadp g\u1ed3m g\u00ec<\/a><\/li><li class='ez-toc-page-1 ez-toc-heading-level-3'><a class=\"ez-toc-link ez-toc-heading-7\" href=\"https:\/\/unistudy.io\/vi-vn\/chinh-sach-bao-mat\/#Muc_dich_su_dung_du_lieu_nguoi_choi\" >M\u1ee5c \u0111\u00edch s\u1eed d\u1ee5ng d\u1eef li\u1ec7u ng\u01b0\u1eddi ch\u01a1i<\/a><\/li><\/ul><\/li><li class='ez-toc-page-1 ez-toc-heading-level-2'><a class=\"ez-toc-link ez-toc-heading-8\" href=\"https:\/\/unistudy.io\/vi-vn\/chinh-sach-bao-mat\/#Cac_bien_phap_bao_mat_thong_tin_tai_MM88\" >C\u00e1c bi\u1ec7n ph\u00e1p b\u1ea3o m\u1eadt th\u00f4ng tin t\u1ea1i MM88<\/a><ul class='ez-toc-list-level-3' ><li class='ez-toc-heading-level-3'><a class=\"ez-toc-link ez-toc-heading-9\" href=\"https:\/\/unistudy.io\/vi-vn\/chinh-sach-bao-mat\/#Cong_nghe_ma_hoa_du_lieu_tien_tien_SSL\" >C\u00f4ng ngh\u1ec7 m\u00e3 h\u00f3a d\u1eef li\u1ec7u ti\u00ean ti\u1ebfn SSL<\/a><\/li><li class='ez-toc-page-1 ez-toc-heading-level-3'><a class=\"ez-toc-link ez-toc-heading-10\" href=\"https:\/\/unistudy.io\/vi-vn\/chinh-sach-bao-mat\/#Kiem_tra_bao_mat_va_giam_sat_lien_tuc\" >Ki\u1ec3m tra b\u1ea3o m\u1eadt v\u00e0 gi\u00e1m s\u00e1t li\u00ean t\u1ee5c<\/a><\/li><\/ul><\/li><li class='ez-toc-page-1 ez-toc-heading-level-2'><a class=\"ez-toc-link ez-toc-heading-11\" href=\"https:\/\/unistudy.io\/vi-vn\/chinh-sach-bao-mat\/#Quyen_loi_nguoi_choi_trong_chinh_sach_bao_mat\" >Quy\u1ec1n l\u1ee3i ng\u01b0\u1eddi ch\u01a1i trong ch\u00ednh s\u00e1ch b\u1ea3o m\u1eadt<\/a><ul class='ez-toc-list-level-3' ><li class='ez-toc-heading-level-3'><a class=\"ez-toc-link ez-toc-heading-12\" href=\"https:\/\/unistudy.io\/vi-vn\/chinh-sach-bao-mat\/#Quyen_truy_cap_va_chinh_sua_thong_tin_ca_nhan\" >Quy\u1ec1n truy c\u1eadp v\u00e0 ch\u1ec9nh s\u1eeda th\u00f4ng tin c\u00e1 nh\u00e2n<\/a><\/li><li class='ez-toc-page-1 ez-toc-heading-level-3'><a class=\"ez-toc-link ez-toc-heading-13\" href=\"https:\/\/unistudy.io\/vi-vn\/chinh-sach-bao-mat\/#Quyen_xoa_du_lieu_va_tu_choi_tiep_thi\" >Quy\u1ec1n x\u00f3a d\u1eef li\u1ec7u v\u00e0 t\u1eeb ch\u1ed1i ti\u1ebfp th\u1ecb<\/a><\/li><\/ul><\/li><li class='ez-toc-page-1 ez-toc-heading-level-2'><a class=\"ez-toc-link ez-toc-heading-14\" href=\"https:\/\/unistudy.io\/vi-vn\/chinh-sach-bao-mat\/#Cam_ket_cua_MM88_ve_bao_mat_thong_tin\" >Cam k\u1ebft c\u1ee7a MM88 v\u1ec1 b\u1ea3o m\u1eadt th\u00f4ng tin<\/a><ul class='ez-toc-list-level-3' ><li class='ez-toc-heading-level-3'><a class=\"ez-toc-link ez-toc-heading-15\" href=\"https:\/\/unistudy.io\/vi-vn\/chinh-sach-bao-mat\/#Lien_tuc_nang_cap_he_thong_bao_mat_hien_dai\" >Li\u00ean t\u1ee5c n\u00e2ng c\u1ea5p h\u1ec7 th\u1ed1ng b\u1ea3o m\u1eadt hi\u1ec7n \u0111\u1ea1i<\/a><\/li><li class='ez-toc-page-1 ez-toc-heading-level-3'><a class=\"ez-toc-link ez-toc-heading-16\" href=\"https:\/\/unistudy.io\/vi-vn\/chinh-sach-bao-mat\/#Tuan_thu_quy_dinh_phap_ly_va_bao_ve_nguoi_dung\" >Tu\u00e2n th\u1ee7 quy \u0111\u1ecbnh ph\u00e1p l\u00fd v\u00e0 b\u1ea3o v\u1ec7 ng\u01b0\u1eddi d\u00f9ng<\/a><\/li><\/ul><\/li><li class='ez-toc-page-1 ez-toc-heading-level-2'><a class=\"ez-toc-link ez-toc-heading-17\" href=\"https:\/\/unistudy.io\/vi-vn\/chinh-sach-bao-mat\/#Ket_luan\" >K\u1ebft lu\u1eadn<\/a><\/li><\/ul><\/li><\/ul><\/nav><\/div>\n\n<h2><span class=\"ez-toc-section\" id=\"Chinh_sach_bao_mat_MM88_quan_trong_ra_sao\"><\/span><b>Ch\u00ednh s\u00e1ch b\u1ea3o m\u1eadt MM88 quan tr\u1ecdng ra sao<\/b><span class=\"ez-toc-section-end\"><\/span><\/h2>\n<p><span style=\"font-weight: 400;\">Trong b\u1ed1i c\u1ea3nh r\u1ee7i ro an ninh m\u1ea1ng ng\u00e0y c\u00e0ng gia t\u0103ng, ng\u01b0\u1eddi ch\u01a1i c\u1ea7n hi\u1ec3u r\u00f5 vai tr\u00f2 c\u1ee7a ch\u00ednh s\u00e1ch b\u1ea3o m\u1eadt tr\u01b0\u1edbc khi tham gia. <\/span><b>ch\u00ednh s\u00e1ch b\u1ea3o m\u1eadt<\/b><span style=\"font-weight: 400;\"> t\u1ea1i <a href=\"https:\/\/unistudy.io\/\"><strong>MM88<\/strong><\/a> kh\u00f4ng ch\u1ec9 b\u1ea3o v\u1ec7 d\u1eef li\u1ec7u m\u00e0 c\u00f2n \u0111\u1ea3m b\u1ea3o quy\u1ec1n l\u1ee3i h\u1ee3p ph\u00e1p.<\/span><\/p>\n<p><span style=\"font-weight: 400;\">Vi\u1ec7c n\u1eafm r\u00f5 n\u1ed9i dung n\u00e0y gi\u00fap ng\u01b0\u1eddi d\u00f9ng ch\u1ee7 \u0111\u1ed9ng h\u01a1n trong qu\u00e1 tr\u00ecnh s\u1eed d\u1ee5ng d\u1ecbch v\u1ee5.<\/span><\/p>\n<h3><span class=\"ez-toc-section\" id=\"Bao_ve_thong_tin_ca_nhan_nguoi_dung_an_toan\"><\/span><b>B\u1ea3o v\u1ec7 th\u00f4ng tin c\u00e1 nh\u00e2n ng\u01b0\u1eddi d\u00f9ng an to\u00e0n<\/b><span class=\"ez-toc-section-end\"><\/span><\/h3>\n<p><span style=\"font-weight: 400;\">Khi tham gia MM88, ng\u01b0\u1eddi ch\u01a1i c\u1ea7n cung c\u1ea5p th\u00f4ng tin c\u00e1 nh\u00e2n nh\u01b0 email, s\u1ed1 \u0111i\u1ec7n tho\u1ea1i ho\u1eb7c t\u00e0i kho\u1ea3n ng\u00e2n h\u00e0ng. Ch\u00ednh s\u00e1ch b\u1ea3o m\u1eadt gi\u00fap ki\u1ec3m so\u00e1t v\u00e0 b\u1ea3o v\u1ec7 c\u00e1c d\u1eef li\u1ec7u n\u00e0y.<\/span><\/p>\n<p><span style=\"font-weight: 400;\">Nh\u1edd \u00e1p d\u1ee5ng c\u00e1c ti\u00eau chu\u1ea9n b\u1ea3o m\u1eadt cao, th\u00f4ng tin \u0111\u01b0\u1ee3c m\u00e3 h\u00f3a v\u00e0 l\u01b0u tr\u1eef an to\u00e0n. \u0110i\u1ec1u n\u00e0y h\u1ea1n ch\u1ebf t\u1ed1i \u0111a nguy c\u01a1 r\u00f2 r\u1ec9 ho\u1eb7c b\u1ecb \u0111\u00e1nh c\u1eafp.<\/span><\/p>\n<h3><span class=\"ez-toc-section\" id=\"Tao_su_minh_bach_va_tang_niem_tin\"><\/span><b>T\u1ea1o s\u1ef1 minh b\u1ea1ch v\u00e0 t\u0103ng ni\u1ec1m tin<\/b><span class=\"ez-toc-section-end\"><\/span><\/h3>\n<p><span style=\"font-weight: 400;\">M\u1ed9t h\u1ec7 th\u1ed1ng c\u00f3 ch\u00ednh s\u00e1ch b\u1ea3o m\u1eadt r\u00f5 r\u00e0ng s\u1ebd gi\u00fap ng\u01b0\u1eddi ch\u01a1i y\u00ean t\u00e2m h\u01a1n khi tham gia. MM88 c\u00f4ng khai c\u00e1ch thu th\u1eadp v\u00e0 s\u1eed d\u1ee5ng d\u1eef li\u1ec7u \u0111\u1ec3 \u0111\u1ea3m b\u1ea3o minh b\u1ea1ch.<\/span><\/p>\n<p><span style=\"font-weight: 400;\">S\u1ef1 minh b\u1ea1ch n\u00e0y gi\u00fap x\u00e2y d\u1ef1ng ni\u1ec1m tin l\u00e2u d\u00e0i gi\u1eefa ng\u01b0\u1eddi d\u00f9ng v\u00e0 n\u1ec1n t\u1ea3ng.<\/span><\/p>\n<figure id=\"attachment_468\" aria-describedby=\"caption-attachment-468\" style=\"width: 800px\" class=\"wp-caption aligncenter\"><img loading=\"lazy\" decoding=\"async\" class=\"size-full wp-image-468\" src=\"https:\/\/unistudy.io\/wp-content\/uploads\/2026\/04\/chinh-sach-bao-mat-anh-1.webp\" alt=\"H\u1ec7 th\u1ed1ng b\u1ea3o m\u1eadt d\u1eef li\u1ec7u hi\u1ec3n th\u1ecb tr\u00ean n\u1ec1n t\u1ea3ng MM88\" width=\"800\" height=\"400\" title=\"\" srcset=\"https:\/\/unistudy.io\/wp-content\/uploads\/2026\/04\/chinh-sach-bao-mat-anh-1.webp 800w, https:\/\/unistudy.io\/wp-content\/uploads\/2026\/04\/chinh-sach-bao-mat-anh-1-300x150.webp 300w, https:\/\/unistudy.io\/wp-content\/uploads\/2026\/04\/chinh-sach-bao-mat-anh-1-768x384.webp 768w\" sizes=\"auto, (max-width: 800px) 100vw, 800px\" \/><figcaption id=\"caption-attachment-468\" class=\"wp-caption-text\">H\u1ec7 th\u1ed1ng b\u1ea3o m\u1eadt d\u1eef li\u1ec7u hi\u1ec3n th\u1ecb tr\u00ean n\u1ec1n t\u1ea3ng MM88<\/figcaption><\/figure>\n<h2><span class=\"ez-toc-section\" id=\"Noi_dung_chinh_trong_chinh_sach_bao_mat_MM88\"><\/span><b>N\u1ed9i dung ch\u00ednh trong ch\u00ednh s\u00e1ch b\u1ea3o m\u1eadt MM88<\/b><span class=\"ez-toc-section-end\"><\/span><\/h2>\n<p><span style=\"font-weight: 400;\">\u0110\u1ec3 hi\u1ec3u r\u00f5 h\u01a1n, ng\u01b0\u1eddi ch\u01a1i c\u1ea7n n\u1eafm \u0111\u01b0\u1ee3c c\u00e1c n\u1ed9i dung c\u1ed1t l\u00f5i trong ch\u00ednh s\u00e1ch b\u1ea3o m\u1eadt. \u0110\u00e2y l\u00e0 ph\u1ea7n quy \u0111\u1ecbnh chi ti\u1ebft c\u00e1ch h\u1ec7 th\u1ed1ng x\u1eed l\u00fd th\u00f4ng tin.<\/span><\/p>\n<p><span style=\"font-weight: 400;\">C\u00e1c n\u1ed9i dung n\u00e0y gi\u00fap \u0111\u1ea3m b\u1ea3o d\u1eef li\u1ec7u \u0111\u01b0\u1ee3c s\u1eed d\u1ee5ng \u0111\u00fang m\u1ee5c \u0111\u00edch v\u00e0 an to\u00e0n.<\/span><\/p>\n<h3><span class=\"ez-toc-section\" id=\"Thong_tin_nguoi_dung_duoc_thu_thap_gom_gi\"><\/span><b>Th\u00f4ng tin ng\u01b0\u1eddi d\u00f9ng \u0111\u01b0\u1ee3c thu th\u1eadp g\u1ed3m g\u00ec<\/b><span class=\"ez-toc-section-end\"><\/span><\/h3>\n<p><span style=\"font-weight: 400;\">MM88 thu th\u1eadp th\u00f4ng tin khi ng\u01b0\u1eddi ch\u01a1i \u0111\u0103ng k\u00fd t\u00e0i kho\u1ea3n ho\u1eb7c th\u1ef1c hi\u1ec7n giao d\u1ecbch. Ch\u00ednh s\u00e1ch b\u1ea3o m\u1eadt quy \u0111\u1ecbnh r\u00f5 c\u00e1c lo\u1ea1i d\u1eef li\u1ec7u \u0111\u01b0\u1ee3c l\u01b0u tr\u1eef.<\/span><\/p>\n<p><span style=\"font-weight: 400;\">Bao g\u1ed3m:<\/span><\/p>\n<ul>\n<li style=\"font-weight: 400;\" aria-level=\"1\"><span style=\"font-weight: 400;\">H\u1ecd v\u00e0 t\u00ean<\/span><\/li>\n<li style=\"font-weight: 400;\" aria-level=\"1\"><span style=\"font-weight: 400;\">Email v\u00e0 s\u1ed1 \u0111i\u1ec7n tho\u1ea1i<\/span><\/li>\n<li style=\"font-weight: 400;\" aria-level=\"1\"><span style=\"font-weight: 400;\">Th\u00f4ng tin thanh to\u00e1n<\/span><\/li>\n<li style=\"font-weight: 400;\" aria-level=\"1\"><span style=\"font-weight: 400;\">L\u1ecbch s\u1eed giao d\u1ecbch<\/span><\/li>\n<\/ul>\n<p><span style=\"font-weight: 400;\">Vi\u1ec7c thu th\u1eadp n\u00e0y nh\u1eb1m ph\u1ee5c v\u1ee5 tr\u1ea3i nghi\u1ec7m ng\u01b0\u1eddi d\u00f9ng t\u1ed1t h\u01a1n.<\/span><\/p>\n<h3><span class=\"ez-toc-section\" id=\"Muc_dich_su_dung_du_lieu_nguoi_choi\"><\/span><b>M\u1ee5c \u0111\u00edch s\u1eed d\u1ee5ng d\u1eef li\u1ec7u ng\u01b0\u1eddi ch\u01a1i<\/b><span class=\"ez-toc-section-end\"><\/span><\/h3>\n<p><span style=\"font-weight: 400;\">Th\u00f4ng tin thu th\u1eadp s\u1ebd \u0111\u01b0\u1ee3c s\u1eed d\u1ee5ng theo ch\u00ednh s\u00e1ch b\u1ea3o m\u1eadt v\u1edbi c\u00e1c m\u1ee5c \u0111\u00edch c\u1ee5 th\u1ec3.<\/span><\/p>\n<ul>\n<li style=\"font-weight: 400;\" aria-level=\"1\"><span style=\"font-weight: 400;\">X\u00e1c minh danh t\u00ednh ng\u01b0\u1eddi ch\u01a1i<\/span><\/li>\n<li style=\"font-weight: 400;\" aria-level=\"1\"><span style=\"font-weight: 400;\">H\u1ed7 tr\u1ee3 d\u1ecbch v\u1ee5 v\u00e0 ch\u0103m s\u00f3c kh\u00e1ch h\u00e0ng<\/span><\/li>\n<li style=\"font-weight: 400;\" aria-level=\"1\"><span style=\"font-weight: 400;\">C\u1eadp nh\u1eadt khuy\u1ebfn m\u00e3i v\u00e0 th\u00f4ng b\u00e1o<\/span><\/li>\n<li style=\"font-weight: 400;\" aria-level=\"1\"><span style=\"font-weight: 400;\">C\u1ea3i thi\u1ec7n h\u1ec7 th\u1ed1ng<\/span><\/li>\n<\/ul>\n<p><span style=\"font-weight: 400;\">MM88 cam k\u1ebft kh\u00f4ng chia s\u1ebb d\u1eef li\u1ec7u cho b\u00ean th\u1ee9 ba khi ch\u01b0a c\u00f3 s\u1ef1 \u0111\u1ed3ng \u00fd.<\/span><\/p>\n<figure id=\"attachment_469\" aria-describedby=\"caption-attachment-469\" style=\"width: 800px\" class=\"wp-caption aligncenter\"><img loading=\"lazy\" decoding=\"async\" class=\"size-full wp-image-469\" src=\"https:\/\/unistudy.io\/wp-content\/uploads\/2026\/04\/chinh-sach-bao-mat-anh-2.webp\" alt=\"Giao di\u1ec7n hi\u1ec3n th\u1ecb th\u00f4ng tin t\u00e0i kho\u1ea3n ng\u01b0\u1eddi d\u00f9ng\" width=\"800\" height=\"400\" title=\"\" srcset=\"https:\/\/unistudy.io\/wp-content\/uploads\/2026\/04\/chinh-sach-bao-mat-anh-2.webp 800w, https:\/\/unistudy.io\/wp-content\/uploads\/2026\/04\/chinh-sach-bao-mat-anh-2-300x150.webp 300w, https:\/\/unistudy.io\/wp-content\/uploads\/2026\/04\/chinh-sach-bao-mat-anh-2-768x384.webp 768w\" sizes=\"auto, (max-width: 800px) 100vw, 800px\" \/><figcaption id=\"caption-attachment-469\" class=\"wp-caption-text\">Giao di\u1ec7n hi\u1ec3n th\u1ecb th\u00f4ng tin t\u00e0i kho\u1ea3n ng\u01b0\u1eddi d\u00f9ng<\/figcaption><\/figure>\n<h2><span class=\"ez-toc-section\" id=\"Cac_bien_phap_bao_mat_thong_tin_tai_MM88\"><\/span><b>C\u00e1c bi\u1ec7n ph\u00e1p b\u1ea3o m\u1eadt th\u00f4ng tin t\u1ea1i MM88<\/b><span class=\"ez-toc-section-end\"><\/span><\/h2>\n<p><span style=\"font-weight: 400;\">M\u1ed9t trong nh\u1eefng y\u1ebfu t\u1ed1 quan tr\u1ecdng nh\u1ea5t trong ch\u00ednh s\u00e1ch b\u1ea3o m\u1eadt l\u00e0 h\u1ec7 th\u1ed1ng b\u1ea3o v\u1ec7 d\u1eef li\u1ec7u. MM88 \u00e1p d\u1ee5ng nhi\u1ec1u c\u00f4ng ngh\u1ec7 hi\u1ec7n \u0111\u1ea1i nh\u1eb1m \u0111\u1ea3m b\u1ea3o an to\u00e0n tuy\u1ec7t \u0111\u1ed1i.<\/span><\/p>\n<p><span style=\"font-weight: 400;\">\u0110i\u1ec1u n\u00e0y gi\u00fap ng\u01b0\u1eddi ch\u01a1i y\u00ean t\u00e2m khi th\u1ef1c hi\u1ec7n giao d\u1ecbch.<\/span><\/p>\n<h3><span class=\"ez-toc-section\" id=\"Cong_nghe_ma_hoa_du_lieu_tien_tien_SSL\"><\/span><b>C\u00f4ng ngh\u1ec7 m\u00e3 h\u00f3a d\u1eef li\u1ec7u ti\u00ean ti\u1ebfn SSL<\/b><span class=\"ez-toc-section-end\"><\/span><\/h3>\n<p><span style=\"font-weight: 400;\">MM88 s\u1eed d\u1ee5ng c\u00f4ng ngh\u1ec7 m\u00e3 h\u00f3a SSL \u0111\u1ec3 b\u1ea3o v\u1ec7 d\u1eef li\u1ec7u trong qu\u00e1 tr\u00ecnh truy\u1ec1n t\u1ea3i. \u0110\u00e2y l\u00e0 ti\u00eau chu\u1ea9n b\u1ea3o m\u1eadt ph\u1ed5 bi\u1ebfn tr\u00ean to\u00e0n c\u1ea7u.<\/span><\/p>\n<p><span style=\"font-weight: 400;\">Nh\u1edd \u0111\u00f3, m\u1ecdi th\u00f4ng tin \u0111\u1ec1u \u0111\u01b0\u1ee3c m\u00e3 h\u00f3a v\u00e0 kh\u00f4ng th\u1ec3 b\u1ecb truy c\u1eadp tr\u00e1i ph\u00e9p.<\/span><\/p>\n<h3><span class=\"ez-toc-section\" id=\"Kiem_tra_bao_mat_va_giam_sat_lien_tuc\"><\/span><b>Ki\u1ec3m tra b\u1ea3o m\u1eadt v\u00e0 gi\u00e1m s\u00e1t li\u00ean t\u1ee5c<\/b><span class=\"ez-toc-section-end\"><\/span><\/h3>\n<p><span style=\"font-weight: 400;\">H\u1ec7 th\u1ed1ng lu\u00f4n \u0111\u01b0\u1ee3c ki\u1ec3m tra \u0111\u1ecbnh k\u1ef3 \u0111\u1ec3 ph\u00e1t hi\u1ec7n l\u1ed7 h\u1ed5ng. Ch\u00ednh s\u00e1ch b\u1ea3o m\u1eadt y\u00eau c\u1ea7u gi\u00e1m s\u00e1t li\u00ean t\u1ee5c nh\u1eb1m x\u1eed l\u00fd k\u1ecbp th\u1eddi c\u00e1c r\u1ee7i ro.<\/span><\/p>\n<p><span style=\"font-weight: 400;\">\u0110\u1ed9i ng\u0169 k\u1ef9 thu\u1eadt c\u0169ng \u0111\u01b0\u1ee3c \u0111\u00e0o t\u1ea1o chuy\u00ean s\u00e2u \u0111\u1ec3 \u0111\u1ea3m b\u1ea3o v\u1eadn h\u00e0nh an to\u00e0n.<\/span><\/p>\n<figure id=\"attachment_470\" aria-describedby=\"caption-attachment-470\" style=\"width: 800px\" class=\"wp-caption aligncenter\"><img loading=\"lazy\" decoding=\"async\" class=\"size-full wp-image-470\" src=\"https:\/\/unistudy.io\/wp-content\/uploads\/2026\/04\/chinh-sach-bao-mat-anh-3.webp\" alt=\"H\u1ec7 th\u1ed1ng b\u1ea3o m\u1eadt ho\u1ea1t \u0111\u1ed9ng li\u00ean t\u1ee5c b\u1ea3o v\u1ec7 d\u1eef li\u1ec7u\" width=\"800\" height=\"400\" title=\"\" srcset=\"https:\/\/unistudy.io\/wp-content\/uploads\/2026\/04\/chinh-sach-bao-mat-anh-3.webp 800w, https:\/\/unistudy.io\/wp-content\/uploads\/2026\/04\/chinh-sach-bao-mat-anh-3-300x150.webp 300w, https:\/\/unistudy.io\/wp-content\/uploads\/2026\/04\/chinh-sach-bao-mat-anh-3-768x384.webp 768w\" sizes=\"auto, (max-width: 800px) 100vw, 800px\" \/><figcaption id=\"caption-attachment-470\" class=\"wp-caption-text\">H\u1ec7 th\u1ed1ng b\u1ea3o m\u1eadt ho\u1ea1t \u0111\u1ed9ng li\u00ean t\u1ee5c b\u1ea3o v\u1ec7 d\u1eef li\u1ec7u<\/figcaption><\/figure>\n<h2><span class=\"ez-toc-section\" id=\"Quyen_loi_nguoi_choi_trong_chinh_sach_bao_mat\"><\/span><b>Quy\u1ec1n l\u1ee3i ng\u01b0\u1eddi ch\u01a1i trong ch\u00ednh s\u00e1ch b\u1ea3o m\u1eadt<\/b><span class=\"ez-toc-section-end\"><\/span><\/h2>\n<p><span style=\"font-weight: 400;\">Kh\u00f4ng ch\u1ec9 b\u1ea3o v\u1ec7 d\u1eef li\u1ec7u, ch\u00ednh s\u00e1ch b\u1ea3o m\u1eadt c\u00f2n mang l\u1ea1i nhi\u1ec1u quy\u1ec1n l\u1ee3i cho ng\u01b0\u1eddi ch\u01a1i. \u0110\u00e2y l\u00e0 y\u1ebfu t\u1ed1 gi\u00fap ng\u01b0\u1eddi d\u00f9ng ki\u1ec3m so\u00e1t th\u00f4ng tin c\u00e1 nh\u00e2n t\u1ed1t h\u01a1n.<\/span><\/p>\n<p><span style=\"font-weight: 400;\">Vi\u1ec7c hi\u1ec3u r\u00f5 quy\u1ec1n l\u1ee3i s\u1ebd gi\u00fap b\u1ea1n ch\u1ee7 \u0111\u1ed9ng khi s\u1eed d\u1ee5ng d\u1ecbch v\u1ee5.<\/span><\/p>\n<h3><span class=\"ez-toc-section\" id=\"Quyen_truy_cap_va_chinh_sua_thong_tin_ca_nhan\"><\/span><b>Quy\u1ec1n truy c\u1eadp v\u00e0 ch\u1ec9nh s\u1eeda th\u00f4ng tin c\u00e1 nh\u00e2n<\/b><span class=\"ez-toc-section-end\"><\/span><\/h3>\n<p><span style=\"font-weight: 400;\">Ng\u01b0\u1eddi ch\u01a1i c\u00f3 quy\u1ec1n ki\u1ec3m tra d\u1eef li\u1ec7u c\u00e1 nh\u00e2n m\u00e0 h\u1ec7 th\u1ed1ng l\u01b0u tr\u1eef. N\u1ebfu ph\u00e1t hi\u1ec7n sai s\u00f3t, b\u1ea1n c\u00f3 th\u1ec3 y\u00eau c\u1ea7u ch\u1ec9nh s\u1eeda ngay l\u1eadp t\u1ee9c.<\/span><\/p>\n<p><span style=\"font-weight: 400;\">\u0110i\u1ec1u n\u00e0y gi\u00fap \u0111\u1ea3m b\u1ea3o th\u00f4ng tin lu\u00f4n ch\u00ednh x\u00e1c v\u00e0 c\u1eadp nh\u1eadt.<\/span><\/p>\n<h3><span class=\"ez-toc-section\" id=\"Quyen_xoa_du_lieu_va_tu_choi_tiep_thi\"><\/span><b>Quy\u1ec1n x\u00f3a d\u1eef li\u1ec7u v\u00e0 t\u1eeb ch\u1ed1i ti\u1ebfp th\u1ecb<\/b><span class=\"ez-toc-section-end\"><\/span><\/h3>\n<p><span style=\"font-weight: 400;\">Theo ch\u00ednh s\u00e1ch b\u1ea3o m\u1eadt, ng\u01b0\u1eddi ch\u01a1i c\u00f3 th\u1ec3 y\u00eau c\u1ea7u x\u00f3a th\u00f4ng tin c\u00e1 nh\u00e2n n\u1ebfu kh\u00f4ng c\u00f2n s\u1eed d\u1ee5ng d\u1ecbch v\u1ee5.<\/span><\/p>\n<p><span style=\"font-weight: 400;\">Ngo\u00e0i ra, b\u1ea1n c\u00f3 th\u1ec3 t\u1eeb ch\u1ed1i nh\u1eadn th\u00f4ng b\u00e1o qu\u1ea3ng c\u00e1o. \u0110i\u1ec1u n\u00e0y gi\u00fap h\u1ea1n ch\u1ebf c\u00e1c n\u1ed9i dung kh\u00f4ng mong mu\u1ed1n.<\/span><\/p>\n<h2><span class=\"ez-toc-section\" id=\"Cam_ket_cua_MM88_ve_bao_mat_thong_tin\"><\/span><b>Cam k\u1ebft c\u1ee7a MM88 v\u1ec1 b\u1ea3o m\u1eadt th\u00f4ng tin<\/b><span class=\"ez-toc-section-end\"><\/span><\/h2>\n<p><span style=\"font-weight: 400;\">\u0110\u1ec3 duy tr\u00ec uy t\u00edn, MM88 kh\u00f4ng ng\u1eebng n\u00e2ng c\u1ea5p ch\u00ednh s\u00e1ch b\u1ea3o m\u1eadt. \u0110\u00e2y l\u00e0 y\u1ebfu t\u1ed1 gi\u00fap n\u1ec1n t\u1ea3ng ph\u00e1t tri\u1ec3n b\u1ec1n v\u1eefng.<\/span><\/p>\n<p><span style=\"font-weight: 400;\">C\u00e1c cam k\u1ebft d\u01b0\u1edbi \u0111\u00e2y th\u1ec3 hi\u1ec7n r\u00f5 tr\u00e1ch nhi\u1ec7m c\u1ee7a h\u1ec7 th\u1ed1ng.<\/span><\/p>\n<h3><span class=\"ez-toc-section\" id=\"Lien_tuc_nang_cap_he_thong_bao_mat_hien_dai\"><\/span><b>Li\u00ean t\u1ee5c n\u00e2ng c\u1ea5p h\u1ec7 th\u1ed1ng b\u1ea3o m\u1eadt hi\u1ec7n \u0111\u1ea1i<\/b><span class=\"ez-toc-section-end\"><\/span><\/h3>\n<p><span style=\"font-weight: 400;\">MM88 lu\u00f4n c\u1eadp nh\u1eadt c\u00f4ng ngh\u1ec7 m\u1edbi nh\u1eb1m c\u1ea3i thi\u1ec7n ch\u00ednh s\u00e1ch b\u1ea3o m\u1eadt. \u0110i\u1ec1u n\u00e0y gi\u00fap \u0111\u00e1p \u1ee9ng c\u00e1c ti\u00eau chu\u1ea9n an to\u00e0n ng\u00e0y c\u00e0ng cao.<\/span><\/p>\n<p><span style=\"font-weight: 400;\">Vi\u1ec7c n\u00e2ng c\u1ea5p li\u00ean t\u1ee5c gi\u00fap h\u1ea1n ch\u1ebf r\u1ee7i ro t\u1ed1i \u0111a.<\/span><\/p>\n<h3><span class=\"ez-toc-section\" id=\"Tuan_thu_quy_dinh_phap_ly_va_bao_ve_nguoi_dung\"><\/span><b>Tu\u00e2n th\u1ee7 quy \u0111\u1ecbnh ph\u00e1p l\u00fd v\u00e0 b\u1ea3o v\u1ec7 ng\u01b0\u1eddi d\u00f9ng<\/b><span class=\"ez-toc-section-end\"><\/span><\/h3>\n<p><span style=\"font-weight: 400;\">MM88 cam k\u1ebft tu\u00e2n th\u1ee7 \u0111\u1ea7y \u0111\u1ee7 c\u00e1c quy \u0111\u1ecbnh ph\u00e1p lu\u1eadt li\u00ean quan \u0111\u1ebfn b\u1ea3o m\u1eadt th\u00f4ng tin. Ch\u00ednh s\u00e1ch b\u1ea3o m\u1eadt \u0111\u01b0\u1ee3c x\u00e2y d\u1ef1ng d\u1ef1a tr\u00ean ti\u00eau chu\u1ea9n qu\u1ed1c t\u1ebf.<\/span><\/p>\n<p><span style=\"font-weight: 400;\">\u0110i\u1ec1u n\u00e0y gi\u00fap b\u1ea3o v\u1ec7 quy\u1ec1n l\u1ee3i ng\u01b0\u1eddi ch\u01a1i m\u1ed9t c\u00e1ch to\u00e0n di\u1ec7n.<\/span><\/p>\n<h2><span class=\"ez-toc-section\" id=\"Ket_luan\"><\/span><b>K\u1ebft lu\u1eadn<\/b><span class=\"ez-toc-section-end\"><\/span><\/h2>\n<p><span style=\"font-weight: 400;\">Ch\u00ednh s\u00e1ch b\u1ea3o m\u1eadt MM88 l\u00e0 n\u1ec1n t\u1ea3ng quan tr\u1ecdng gi\u00fap b\u1ea3o v\u1ec7 th\u00f4ng tin v\u00e0 quy\u1ec1n l\u1ee3i ng\u01b0\u1eddi ch\u01a1i. H\u1ec7 th\u1ed1ng minh b\u1ea1ch, an to\u00e0n v\u00e0 \u0111\u00e1ng tin c\u1eady. <\/span><span style=\"font-weight: 400;\">N\u1ebfu hi\u1ec3u r\u00f5 v\u00e0 tu\u00e2n th\u1ee7 \u0111\u00fang quy \u0111\u1ecbnh, b\u1ea1n ho\u00e0n to\u00e0n c\u00f3 th\u1ec3 y\u00ean t\u00e2m tr\u1ea3i nghi\u1ec7m d\u1ecbch v\u1ee5 m\u1ed9t c\u00e1ch an to\u00e0n v\u00e0 hi\u1ec7u qu\u1ea3.<\/span><\/p>\n<blockquote><p>Xem th\u00eam: <a href=\"https:\/\/unistudy.io\/mien-tru-trach-nhiem\/\">Mi\u1ec5n tr\u1eeb tr\u00e1ch nhi\u1ec7m MM88 minh b\u1ea1ch m\u1ecdi gi\u1edbi h\u1ea1n<\/a><\/p><\/blockquote>\n","protected":false},"excerpt":{"rendered":"<p>Ch\u00ednh S\u00e1ch B\u1ea3o M\u1eadt MM88 Cam K\u1ebft An To\u00e0n Th\u00f4ng Tin Trong m\u00f4i tr\u01b0\u1eddng c\u00e1 c\u01b0\u1ee3c tr\u1ef1c tuy\u1ebfn, vi\u1ec7c b\u1ea3o v\u1ec7 d\u1eef li\u1ec7u c\u00e1 nh\u00e2n l\u00e0 y\u1ebfu t\u1ed1 quan tr\u1ecdng h\u00e0ng \u0111\u1ea7u. Ch\u00ednh s\u00e1ch b\u1ea3o m\u1eadt t\u1ea1i MM88 \u0111\u01b0\u1ee3c x\u00e2y d\u1ef1ng nh\u1eb1m \u0111\u1ea3m b\u1ea3o an to\u00e0n tuy\u1ec7t \u0111\u1ed1i cho th\u00f4ng tin ng\u01b0\u1eddi d\u00f9ng. Kh\u00f4ng ch\u1ec9 [&#8230;]\n","protected":false},"author":2,"featured_media":267,"parent":0,"menu_order":0,"comment_status":"closed","ping_status":"closed","template":"","meta":{"footnotes":""},"class_list":["post-97","page","type-page","status-publish","has-post-thumbnail","hentry"],"_links":{"self":[{"href":"https:\/\/unistudy.io\/vi-vn\/wp-json\/wp\/v2\/pages\/97","targetHints":{"allow":["GET"]}}],"collection":[{"href":"https:\/\/unistudy.io\/vi-vn\/wp-json\/wp\/v2\/pages"}],"about":[{"href":"https:\/\/unistudy.io\/vi-vn\/wp-json\/wp\/v2\/types\/page"}],"author":[{"embeddable":true,"href":"https:\/\/unistudy.io\/vi-vn\/wp-json\/wp\/v2\/users\/2"}],"replies":[{"embeddable":true,"href":"https:\/\/unistudy.io\/vi-vn\/wp-json\/wp\/v2\/comments?post=97"}],"version-history":[{"count":5,"href":"https:\/\/unistudy.io\/vi-vn\/wp-json\/wp\/v2\/pages\/97\/revisions"}],"predecessor-version":[{"id":496,"href":"https:\/\/unistudy.io\/vi-vn\/wp-json\/wp\/v2\/pages\/97\/revisions\/496"}],"wp:featuredmedia":[{"embeddable":true,"href":"https:\/\/unistudy.io\/vi-vn\/wp-json\/wp\/v2\/media\/267"}],"wp:attachment":[{"href":"https:\/\/unistudy.io\/vi-vn\/wp-json\/wp\/v2\/media?parent=97"}],"curies":[{"name":"wp","href":"https:\/\/api.w.org\/{rel}","templated":true}]}}