{"id":317,"date":"2026-04-02T09:42:55","date_gmt":"2026-04-02T09:42:55","guid":{"rendered":"https:\/\/unistudy.io\/?page_id=317"},"modified":"2026-04-06T13:45:16","modified_gmt":"2026-04-06T13:45:16","slug":"david-jax-nguyen","status":"publish","type":"page","link":"https:\/\/unistudy.io\/vi-vn\/david-jax-nguyen\/","title":{"rendered":"T\u00e1c Gi\u1ea3 David Jax Nguy\u1ec5n V\u00e0 H\u00e0nh Tr\u00ecnh Kh\u1eb3ng \u0110\u1ecbnh T\u1ea1i MM88"},"content":{"rendered":"<h1 style=\"text-align: center;\"><span class=\"ez-toc-section\" id=\"Tac_Gia_David_Jax_Nguyen_Va_Hanh_Trinh_Khang_Dinh_Tai_MM88\"><\/span><b>T\u00e1c Gi\u1ea3 David Jax Nguy\u1ec5n V\u00e0 H\u00e0nh Tr\u00ecnh Kh\u1eb3ng \u0110\u1ecbnh T\u1ea1i MM88<\/b><span class=\"ez-toc-section-end\"><\/span><\/h1>\n<p><span style=\"font-weight: 400;\">T\u00e1c gi\u1ea3 <a href=\"https:\/\/unistudy.io\/david-jax-nguyen\/\"><strong>David Jax Nguy\u1ec5n<\/strong><\/a> \u0111\u01b0\u1ee3c bi\u1ebft \u0111\u1ebfn l\u00e0 m\u1ed9t chuy\u00ean gia n\u1ed9i dung v\u00e0 chi\u1ebfn l\u01b0\u1ee3c h\u00e0ng \u0111\u1ea7u t\u1ea1i MM88. Anh ghi d\u1ea5u \u1ea5n m\u1ea1nh m\u1ebd v\u1edbi nh\u1eefng b\u00e0i ph\u00e2n t\u00edch chuy\u00ean s\u00e2u, g\u00f3c nh\u00ecn th\u1ef1c t\u1ebf v\u00e0 kh\u1ea3 n\u0103ng \u0111\u1ecbnh h\u01b0\u1edbng n\u1ed9i dung chu\u1ea9n x\u00e1c trong l\u0129nh v\u1ef1c c\u00e1 c\u01b0\u1ee3c tr\u1ef1c tuy\u1ebfn. Tuy nhi\u00ean, \u0111\u1ec3 \u0111\u1ea1t \u0111\u01b0\u1ee3c v\u1ecb th\u1ebf nh\u01b0 hi\u1ec7n t\u1ea1i, David Jax Nguy\u1ec5n \u0111\u00e3 tr\u1ea3i qua m\u1ed9t h\u00e0nh tr\u00ecnh d\u00e0i v\u1edbi nhi\u1ec1u n\u1ed7 l\u1ef1c kh\u00f4ng ng\u1eebng ngh\u1ec9.<\/span><\/p><div id=\"ez-toc-container\" class=\"ez-toc-v2_0_82_2 counter-hierarchy ez-toc-counter ez-toc-custom ez-toc-container-direction\">\n<div class=\"ez-toc-title-container\">\n<p class=\"ez-toc-title\" style=\"cursor:inherit\">N\u1ed9i dung<\/p>\n<span class=\"ez-toc-title-toggle\"><a href=\"#\" class=\"ez-toc-pull-right ez-toc-btn ez-toc-btn-xs ez-toc-btn-default ez-toc-toggle\" aria-label=\"Toggle Table of Content\"><span class=\"ez-toc-js-icon-con\"><span class=\"\"><span class=\"eztoc-hide\" style=\"display:none;\">Toggle<\/span><span class=\"ez-toc-icon-toggle-span\"><svg style=\"fill: #000000;color:#000000\" xmlns=\"http:\/\/www.w3.org\/2000\/svg\" class=\"list-377408\" width=\"20px\" height=\"20px\" viewBox=\"0 0 24 24\" fill=\"none\"><path d=\"M6 6H4v2h2V6zm14 0H8v2h12V6zM4 11h2v2H4v-2zm16 0H8v2h12v-2zM4 16h2v2H4v-2zm16 0H8v2h12v-2z\" fill=\"currentColor\"><\/path><\/svg><svg style=\"fill: #000000;color:#000000\" class=\"arrow-unsorted-368013\" xmlns=\"http:\/\/www.w3.org\/2000\/svg\" width=\"10px\" height=\"10px\" viewBox=\"0 0 24 24\" version=\"1.2\" baseProfile=\"tiny\"><path d=\"M18.2 9.3l-6.2-6.3-6.2 6.3c-.2.2-.3.4-.3.7s.1.5.3.7c.2.2.4.3.7.3h11c.3 0 .5-.1.7-.3.2-.2.3-.5.3-.7s-.1-.5-.3-.7zM5.8 14.7l6.2 6.3 6.2-6.3c.2-.2.3-.5.3-.7s-.1-.5-.3-.7c-.2-.2-.4-.3-.7-.3h-11c-.3 0-.5.1-.7.3-.2.2-.3.5-.3.7s.1.5.3.7z\"\/><\/svg><\/span><\/span><\/span><\/a><\/span><\/div>\n<nav><ul class='ez-toc-list ez-toc-list-level-1 ' ><li class='ez-toc-page-1 ez-toc-heading-level-1'><a class=\"ez-toc-link ez-toc-heading-1\" href=\"https:\/\/unistudy.io\/vi-vn\/david-jax-nguyen\/#Tac_Gia_David_Jax_Nguyen_Va_Hanh_Trinh_Khang_Dinh_Tai_MM88\" >T\u00e1c Gi\u1ea3 David Jax Nguy\u1ec5n V\u00e0 H\u00e0nh Tr\u00ecnh Kh\u1eb3ng \u0110\u1ecbnh T\u1ea1i MM88<\/a><ul class='ez-toc-list-level-2' ><li class='ez-toc-heading-level-2'><a class=\"ez-toc-link ez-toc-heading-2\" href=\"https:\/\/unistudy.io\/vi-vn\/david-jax-nguyen\/#Tieu_Su_Tac_Gia_David_Jax_Nguyen\" >Ti\u1ec3u S\u1eed T\u00e1c Gi\u1ea3 David Jax Nguy\u1ec5n<\/a><\/li><li class='ez-toc-page-1 ez-toc-heading-level-2'><a class=\"ez-toc-link ez-toc-heading-3\" href=\"https:\/\/unistudy.io\/vi-vn\/david-jax-nguyen\/#Hanh_Trinh_Cua_David_Jax_Nguyen_Tai_MM88\" >H\u00e0nh Tr\u00ecnh C\u1ee7a David Jax Nguy\u1ec5n T\u1ea1i MM88<\/a><ul class='ez-toc-list-level-3' ><li class='ez-toc-heading-level-3'><a class=\"ez-toc-link ez-toc-heading-4\" href=\"https:\/\/unistudy.io\/vi-vn\/david-jax-nguyen\/#Giai_doan_2008_%E2%80%93_2011_Hinh_thanh_dinh_huong_nghe_nghiep\" >Giai \u0111o\u1ea1n 2008 \u2013 2011: H\u00ecnh th\u00e0nh \u0111\u1ecbnh h\u01b0\u1edbng ngh\u1ec1 nghi\u1ec7p<\/a><\/li><li class='ez-toc-page-1 ez-toc-heading-level-3'><a class=\"ez-toc-link ez-toc-heading-5\" href=\"https:\/\/unistudy.io\/vi-vn\/david-jax-nguyen\/#Giai_doan_2011_%E2%80%93_2014_Tich_luy_kinh_nghiem_thuc_te\" >Giai \u0111o\u1ea1n 2011 \u2013 2014: T\u00edch l\u0169y kinh nghi\u1ec7m th\u1ef1c t\u1ebf<\/a><\/li><li class='ez-toc-page-1 ez-toc-heading-level-3'><a class=\"ez-toc-link ez-toc-heading-6\" href=\"https:\/\/unistudy.io\/vi-vn\/david-jax-nguyen\/#Giai_doan_2014_%E2%80%93_2017_Phat_trien_chuyen_mon_quoc_te\" >Giai \u0111o\u1ea1n 2014 \u2013 2017: Ph\u00e1t tri\u1ec3n chuy\u00ean m\u00f4n qu\u1ed1c t\u1ebf<\/a><\/li><li class='ez-toc-page-1 ez-toc-heading-level-3'><a class=\"ez-toc-link ez-toc-heading-7\" href=\"https:\/\/unistudy.io\/vi-vn\/david-jax-nguyen\/#Giai_doan_2017_%E2%80%93_Nay_Dong_hanh_phat_trien_MM88\" >Giai \u0111o\u1ea1n 2017 \u2013 Nay: \u0110\u1ed3ng h\u00e0nh ph\u00e1t tri\u1ec3n MM88<\/a><\/li><\/ul><\/li><li class='ez-toc-page-1 ez-toc-heading-level-2'><a class=\"ez-toc-link ez-toc-heading-8\" href=\"https:\/\/unistudy.io\/vi-vn\/david-jax-nguyen\/#Nhung_Dong_Gop_Noi_Bat_Cua_David_Jax_Nguyen\" >Nh\u1eefng \u0110\u00f3ng G\u00f3p N\u1ed5i B\u1eadt C\u1ee7a David Jax Nguy\u1ec5n<\/a><ul class='ez-toc-list-level-3' ><li class='ez-toc-heading-level-3'><a class=\"ez-toc-link ez-toc-heading-9\" href=\"https:\/\/unistudy.io\/vi-vn\/david-jax-nguyen\/#Dinh_huong_chien_luoc_noi_dung_chuyen_sau\" >\u0110\u1ecbnh h\u01b0\u1edbng chi\u1ebfn l\u01b0\u1ee3c n\u1ed9i dung chuy\u00ean s\u00e2u<\/a><\/li><li class='ez-toc-page-1 ez-toc-heading-level-3'><a class=\"ez-toc-link ez-toc-heading-10\" href=\"https:\/\/unistudy.io\/vi-vn\/david-jax-nguyen\/#Chia_se_chien_luoc_va_kinh_nghiem_thuc_te\" >Chia s\u1ebb chi\u1ebfn l\u01b0\u1ee3c v\u00e0 kinh nghi\u1ec7m th\u1ef1c t\u1ebf<\/a><\/li><li class='ez-toc-page-1 ez-toc-heading-level-3'><a class=\"ez-toc-link ez-toc-heading-11\" href=\"https:\/\/unistudy.io\/vi-vn\/david-jax-nguyen\/#Phan_tich_keo_voi_do_chinh_xac_cao\" >Ph\u00e2n t\u00edch k\u00e8o v\u1edbi \u0111\u1ed9 ch\u00ednh x\u00e1c cao<\/a><\/li><\/ul><\/li><li class='ez-toc-page-1 ez-toc-heading-level-2'><a class=\"ez-toc-link ez-toc-heading-12\" href=\"https:\/\/unistudy.io\/vi-vn\/david-jax-nguyen\/#Tam_Nhin_Va_Dinh_Huong_Phat_Trien_Trong_Tuong_Lai\" >T\u1ea7m Nh\u00ecn V\u00e0 \u0110\u1ecbnh H\u01b0\u1edbng Ph\u00e1t Tri\u1ec3n Trong T\u01b0\u01a1ng Lai<\/a><\/li><li class='ez-toc-page-1 ez-toc-heading-level-2'><a class=\"ez-toc-link ez-toc-heading-13\" href=\"https:\/\/unistudy.io\/vi-vn\/david-jax-nguyen\/#Ket_Luan\" >K\u1ebft Lu\u1eadn<\/a><\/li><\/ul><\/li><\/ul><\/nav><\/div>\n\n<h2><span class=\"ez-toc-section\" id=\"Tieu_Su_Tac_Gia_David_Jax_Nguyen\"><\/span><b>Ti\u1ec3u S\u1eed T\u00e1c Gi\u1ea3 David Jax Nguy\u1ec5n<\/b><span class=\"ez-toc-section-end\"><\/span><\/h2>\n<p><span style=\"font-weight: 400;\">T\u00e1c gi\u1ea3 David Jax Nguy\u1ec5n l\u00e0 c\u00e1i t\u00ean quen thu\u1ed9c v\u1edbi c\u1ed9ng \u0111\u1ed3ng ng\u01b0\u1eddi ch\u01a1i c\u00e1 c\u01b0\u1ee3c tr\u1ef1c tuy\u1ebfn t\u1ea1i Vi\u1ec7t Nam. Kh\u00f4ng ch\u1ec9 \u0111\u00f3ng vai tr\u00f2 l\u00e0 ng\u01b0\u1eddi x\u00e2y d\u1ef1ng n\u1ed9i dung chi\u1ebfn l\u01b0\u1ee3c cho MM88, anh c\u00f2n l\u00e0 m\u1ed9t trong nh\u1eefng ng\u01b0\u1eddi g\u00f3p ph\u1ea7n n\u00e2ng t\u1ea7m tr\u1ea3i nghi\u1ec7m ng\u01b0\u1eddi d\u00f9ng trong l\u0129nh v\u1ef1c gi\u1ea3i tr\u00ed tr\u1ef1c tuy\u1ebfn.<\/span><\/p>\n<p><span style=\"font-weight: 400;\">Theo ghi nh\u1eadn th\u1ef1c t\u1ebf, David Jax Nguy\u1ec5n s\u1edf h\u1eefu h\u01a1n 15 n\u0103m kinh nghi\u1ec7m trong ng\u00e0nh c\u00e1 c\u01b0\u1ee3c, th\u1ec3 thao v\u00e0 casino tr\u1ef1c tuy\u1ebfn. Anh b\u1eaft \u0111\u1ea7u h\u00e0nh tr\u00ecnh t\u1eeb nh\u1eefng n\u0103m \u0111\u1ea7u khi th\u1ecb tr\u01b0\u1eddng c\u00f2n ch\u01b0a ph\u00e1t tri\u1ec3n m\u1ea1nh t\u1ea1i Vi\u1ec7t Nam. Nh\u1edd t\u01b0 duy nh\u1ea1y b\u00e9n v\u00e0 kh\u1ea3 n\u0103ng ph\u00e2n t\u00edch s\u1eafc s\u1ea3o, anh nhanh ch\u00f3ng kh\u1eb3ng \u0111\u1ecbnh \u0111\u01b0\u1ee3c v\u1ecb th\u1ebf c\u1ee7a m\u00ecnh.<\/span><\/p>\n<p><span style=\"font-weight: 400;\">Kh\u00f4ng d\u1eebng l\u1ea1i \u1edf vi\u1ec7c vi\u1ebft n\u1ed9i dung, David Jax Nguy\u1ec5n c\u00f2n tham gia v\u00e0o vi\u1ec7c x\u00e2y d\u1ef1ng h\u1ec7 th\u1ed1ng chi\u1ebfn l\u01b0\u1ee3c ph\u00e1t tri\u1ec3n d\u00e0i h\u1ea1n cho MM88. Nh\u1eefng \u0111\u00f3ng g\u00f3p c\u1ee7a anh gi\u00fap n\u1ec1n t\u1ea3ng n\u00e0y tr\u1edf th\u00e0nh m\u1ed9t trong nh\u1eefng \u0111\u1ecba ch\u1ec9 gi\u1ea3i tr\u00ed uy t\u00edn, minh b\u1ea1ch v\u00e0 \u0111\u01b0\u1ee3c \u0111\u00f4ng \u0111\u1ea3o ng\u01b0\u1eddi d\u00f9ng tin t\u01b0\u1edfng.<\/span><\/p>\n<p><span style=\"font-weight: 400;\">M\u1ee5c ti\u00eau c\u1ee7a t\u00e1c gi\u1ea3 kh\u00f4ng ch\u1ec9 l\u00e0 t\u1ea1o ra n\u1ed9i dung ch\u1ea5t l\u01b0\u1ee3ng m\u00e0 c\u00f2n h\u01b0\u1edbng t\u1edbi x\u00e2y d\u1ef1ng m\u1ed9t c\u1ed9ng \u0111\u1ed3ng c\u00e1 c\u01b0\u1ee3c an to\u00e0n, c\u00f4ng b\u1eb1ng v\u00e0 b\u1ec1n v\u1eefng. Anh lu\u00f4n chia s\u1ebb kinh nghi\u1ec7m th\u1ef1c t\u1ebf, chi\u1ebfn l\u01b0\u1ee3c hi\u1ec7u qu\u1ea3 gi\u00fap ng\u01b0\u1eddi ch\u01a1i n\u00e2ng cao t\u1ef7 l\u1ec7 th\u00e0nh c\u00f4ng v\u00e0 h\u1ea1n ch\u1ebf r\u1ee7i ro khi tham gia.<\/span><\/p>\n<figure id=\"attachment_407\" aria-describedby=\"caption-attachment-407\" style=\"width: 451px\" class=\"wp-caption aligncenter\"><img loading=\"lazy\" decoding=\"async\" class=\"size-full wp-image-407\" src=\"https:\/\/unistudy.io\/wp-content\/uploads\/2026\/04\/tieu-su-cua-david-jax-nguyen.webp\" alt=\"Ti\u1ec3u s\u1eed n\u1ed5i b\u1eadt c\u1ee7a t\u00e1c gi\u1ea3 David Jax Nguy\u1ec5n\" width=\"451\" height=\"451\" title=\"\" srcset=\"https:\/\/unistudy.io\/wp-content\/uploads\/2026\/04\/tieu-su-cua-david-jax-nguyen.webp 451w, https:\/\/unistudy.io\/wp-content\/uploads\/2026\/04\/tieu-su-cua-david-jax-nguyen-300x300.webp 300w, https:\/\/unistudy.io\/wp-content\/uploads\/2026\/04\/tieu-su-cua-david-jax-nguyen-150x150.webp 150w\" sizes=\"auto, (max-width: 451px) 100vw, 451px\" \/><figcaption id=\"caption-attachment-407\" class=\"wp-caption-text\">Ti\u1ec3u s\u1eed n\u1ed5i b\u1eadt c\u1ee7a t\u00e1c gi\u1ea3 David Jax Nguy\u1ec5n<\/figcaption><\/figure>\n<p><b>Th\u00f4ng tin c\u00e1 nh\u00e2n:<\/b><\/p>\n<ul>\n<li style=\"font-weight: 400;\" aria-level=\"1\"><span style=\"font-weight: 400;\">H\u1ecd v\u00e0 t\u00ean: David Jax Nguy\u1ec5n<\/span><\/li>\n<li style=\"font-weight: 400;\" aria-level=\"1\"><span style=\"font-weight: 400;\">Ng\u00e0y sinh: 11\/04\/1987<\/span><\/li>\n<li style=\"font-weight: 400;\" aria-level=\"1\"><span style=\"font-weight: 400;\">Gi\u1edbi t\u00ednh: Nam<br \/>\n<\/span><\/li>\n<li aria-level=\"1\">Qu\u1ed1c t\u1ecbch: Vi\u1ec7t Nam<\/li>\n<li aria-level=\"1\">L\u0129nh v\u1ef1c chuy\u00ean m\u00f4n: C\u00f4ng ngh\u1ec7 n\u1ec1n t\u1ea3ng gi\u1ea3i tr\u00ed tr\u1ef1c tuy\u1ebfn<\/li>\n<li aria-level=\"1\">Kinh nghi\u1ec7m: H\u01a1n 12 n\u0103m trong ng\u00e0nh c\u00f4ng ngh\u1ec7 v\u00e0 iGaming<\/li>\n<li aria-level=\"1\">Vai tr\u00f2 t\u1ea1i MM88: T\u00e1c gi\u1ea3 v\u00e0 qu\u1ea3n l\u00fd n\u1ed9i dung \u0111\u01b0\u1ee3c \u0111\u0103ng t\u1ea3i.<\/li>\n<li style=\"font-weight: 400;\" aria-level=\"1\"><span style=\"font-weight: 400;\">\u0110\u1ecba ch\u1ec9: 177 V\u00f5 Th\u1ecb S\u00e1u, Ph\u01b0\u1eddng V\u00f5 Th\u1ecb S\u00e1u, Qu\u1eadn 3, TP.HCM, Vi\u1ec7t Nam<\/span><\/li>\n<li style=\"font-weight: 400;\" aria-level=\"1\"><span style=\"font-weight: 400;\">S\u1ed1 \u0111i\u1ec7n tho\u1ea1i: 0868 531 111<\/span><\/li>\n<li style=\"font-weight: 400;\" aria-level=\"1\"><span style=\"font-weight: 400;\">Email: jaxnguyenmm88@gmail.com<\/span><\/li>\n<\/ul>\n<h2><span class=\"ez-toc-section\" id=\"Hanh_Trinh_Cua_David_Jax_Nguyen_Tai_MM88\"><\/span><b>H\u00e0nh Tr\u00ecnh C\u1ee7a David Jax Nguy\u1ec5n T\u1ea1i MM88<\/b><span class=\"ez-toc-section-end\"><\/span><\/h2>\n<p><span style=\"font-weight: 400;\">H\u00e0nh tr\u00ecnh x\u00e2y d\u1ef1ng t\u00ean tu\u1ed5i c\u1ee7a David Jax Nguy\u1ec5n t\u1ea1i MM88 kh\u00f4ng h\u1ec1 d\u1ec5 d\u00e0ng. Anh \u0111\u00e3 d\u00e0nh nhi\u1ec1u n\u0103m nghi\u00ean c\u1ee9u th\u1ecb tr\u01b0\u1eddng, th\u1eed nghi\u1ec7m chi\u1ebfn l\u01b0\u1ee3c v\u00e0 kh\u00f4ng ng\u1eebng c\u1ea3i ti\u1ebfn n\u1ed9i dung \u0111\u1ec3 mang l\u1ea1i gi\u00e1 tr\u1ecb t\u1ed1t nh\u1ea5t cho ng\u01b0\u1eddi d\u00f9ng.<\/span><\/p>\n<h3><span class=\"ez-toc-section\" id=\"Giai_doan_2008_%E2%80%93_2011_Hinh_thanh_dinh_huong_nghe_nghiep\"><\/span><b>Giai \u0111o\u1ea1n 2008 \u2013 2011: H\u00ecnh th\u00e0nh \u0111\u1ecbnh h\u01b0\u1edbng ngh\u1ec1 nghi\u1ec7p<\/b><span class=\"ez-toc-section-end\"><\/span><\/h3>\n<p><span style=\"font-weight: 400;\">Ngay t\u1eeb nh\u1eefng n\u0103m \u0111\u1ea7u, David Jax Nguy\u1ec5n \u0111\u00e3 th\u1ec3 hi\u1ec7n ni\u1ec1m \u0111am m\u00ea v\u1edbi l\u0129nh v\u1ef1c c\u00e1 c\u01b0\u1ee3c tr\u1ef1c tuy\u1ebfn. Khi c\u00f2n l\u00e0 sinh vi\u00ean, anh \u0111\u00e3 ti\u1ebfp x\u00fac v\u1edbi c\u00e1c n\u1ec1n t\u1ea3ng qu\u1ed1c t\u1ebf v\u00e0 nh\u1eadn ra ti\u1ec1m n\u0103ng ph\u00e1t tri\u1ec3n m\u1ea1nh m\u1ebd c\u1ee7a ng\u00e0nh n\u00e0y.<\/span><\/p>\n<p><span style=\"font-weight: 400;\">Nh\u1edd \u0111\u00f3, anh b\u1eaft \u0111\u1ea7u x\u00e2y d\u1ef1ng n\u1ec1n t\u1ea3ng ki\u1ebfn th\u1ee9c v\u00e0 k\u1ef9 n\u0103ng ph\u00e2n t\u00edch, \u0111\u1eb7t n\u1ec1n m\u00f3ng cho s\u1ef1 nghi\u1ec7p sau n\u00e0y.<\/span><\/p>\n<h3><span class=\"ez-toc-section\" id=\"Giai_doan_2011_%E2%80%93_2014_Tich_luy_kinh_nghiem_thuc_te\"><\/span><b>Giai \u0111o\u1ea1n 2011 \u2013 2014: T\u00edch l\u0169y kinh nghi\u1ec7m th\u1ef1c t\u1ebf<\/b><span class=\"ez-toc-section-end\"><\/span><\/h3>\n<p><span style=\"font-weight: 400;\">Trong kho\u1ea3ng th\u1eddi gian n\u00e0y, David Jax Nguy\u1ec5n l\u00e0m vi\u1ec7c v\u1edbi nhi\u1ec1u n\u1ec1n t\u1ea3ng c\u00e1 c\u01b0\u1ee3c kh\u00e1c nhau, t\u1eeb vai tr\u00f2 c\u1ed9ng t\u00e1c vi\u00ean \u0111\u1ebfn chuy\u00ean gia n\u1ed9i dung. Anh li\u00ean t\u1ee5c h\u1ecdc h\u1ecfi, nghi\u00ean c\u1ee9u h\u00e0nh vi ng\u01b0\u1eddi d\u00f9ng v\u00e0 t\u1ed1i \u01b0u c\u00e1ch truy\u1ec1n t\u1ea3i th\u00f4ng tin.<\/span><\/p>\n<p><span style=\"font-weight: 400;\">Ch\u00ednh giai \u0111o\u1ea1n n\u00e0y gi\u00fap anh hi\u1ec3u r\u00f5 nhu c\u1ea7u th\u1ef1c t\u1ebf c\u1ee7a ng\u01b0\u1eddi ch\u01a1i v\u00e0 x\u00e2y d\u1ef1ng \u0111\u01b0\u1ee3c phong c\u00e1ch vi\u1ebft chuy\u00ean s\u00e2u, d\u1ec5 hi\u1ec3u.<\/span><\/p>\n<h3><span class=\"ez-toc-section\" id=\"Giai_doan_2014_%E2%80%93_2017_Phat_trien_chuyen_mon_quoc_te\"><\/span><b>Giai \u0111o\u1ea1n 2014 \u2013 2017: Ph\u00e1t tri\u1ec3n chuy\u00ean m\u00f4n qu\u1ed1c t\u1ebf<\/b><span class=\"ez-toc-section-end\"><\/span><\/h3>\n<p><span style=\"font-weight: 400;\">David Jax Nguy\u1ec5n \u0111\u00e3 c\u00f3 c\u01a1 h\u1ed9i l\u00e0m vi\u1ec7c v\u00e0 h\u1ecdc h\u1ecfi t\u1eeb c\u00e1c chuy\u00ean gia h\u00e0ng \u0111\u1ea7u trong khu v\u1ef1c ch\u00e2u \u00c1. \u0110\u00e2y l\u00e0 b\u01b0\u1edbc ngo\u1eb7t quan tr\u1ecdng gi\u00fap anh n\u00e2ng cao k\u1ef9 n\u0103ng ph\u00e2n t\u00edch k\u00e8o, qu\u1ea3n l\u00fd n\u1ed9i dung v\u00e0 ph\u00e1t tri\u1ec3n chi\u1ebfn l\u01b0\u1ee3c d\u00e0i h\u1ea1n.<\/span><\/p>\n<p><span style=\"font-weight: 400;\">Theo kinh nghi\u1ec7m t\u1eeb chuy\u00ean gia, vi\u1ec7c ti\u1ebfp c\u1eadn m\u00f4i tr\u01b0\u1eddng qu\u1ed1c t\u1ebf \u0111\u00e3 gi\u00fap anh m\u1edf r\u1ed9ng t\u1ea7m nh\u00ecn v\u00e0 n\u00e2ng cao ch\u1ea5t l\u01b0\u1ee3ng n\u1ed9i dung v\u01b0\u1ee3t tr\u1ed9i.<\/span><\/p>\n<h3><span class=\"ez-toc-section\" id=\"Giai_doan_2017_%E2%80%93_Nay_Dong_hanh_phat_trien_MM88\"><\/span><b>Giai \u0111o\u1ea1n 2017 \u2013 Nay: \u0110\u1ed3ng h\u00e0nh ph\u00e1t tri\u1ec3n MM88<\/b><span class=\"ez-toc-section-end\"><\/span><\/h3>\n<p><span style=\"font-weight: 400;\">Sau khi t\u00edch l\u0169y \u0111\u1ee7 kinh nghi\u1ec7m, David Jax Nguy\u1ec5n ch\u00ednh th\u1ee9c \u0111\u1ed3ng h\u00e0nh c\u00f9ng MM88 v\u00e0 tr\u1edf th\u00e0nh m\u1ed9t trong nh\u1eefng nh\u00e2n t\u1ed1 ch\u1ee7 ch\u1ed1t. Anh tham gia tr\u1ef1c ti\u1ebfp v\u00e0o vi\u1ec7c x\u00e2y d\u1ef1ng h\u1ec7 th\u1ed1ng n\u1ed9i dung, \u0111\u1ecbnh h\u01b0\u1edbng chi\u1ebfn l\u01b0\u1ee3c v\u00e0 n\u00e2ng cao tr\u1ea3i nghi\u1ec7m ng\u01b0\u1eddi d\u00f9ng.<\/span><\/p>\n<figure id=\"attachment_405\" aria-describedby=\"caption-attachment-405\" style=\"width: 366px\" class=\"wp-caption aligncenter\"><img loading=\"lazy\" decoding=\"async\" class=\"size-full wp-image-405\" src=\"https:\/\/unistudy.io\/wp-content\/uploads\/2026\/04\/david-jax-nguyen-nam-2017-e1775302925479.webp\" alt=\"David Jax Nguy\u1ec5n giai \u0111o\u1ea1n n\u0103m 2017\" width=\"366\" height=\"618\" title=\"\" srcset=\"https:\/\/unistudy.io\/wp-content\/uploads\/2026\/04\/david-jax-nguyen-nam-2017-e1775302925479.webp 366w, https:\/\/unistudy.io\/wp-content\/uploads\/2026\/04\/david-jax-nguyen-nam-2017-e1775302925479-178x300.webp 178w\" sizes=\"auto, (max-width: 366px) 100vw, 366px\" \/><figcaption id=\"caption-attachment-405\" class=\"wp-caption-text\">David Jax Nguy\u1ec5n giai \u0111o\u1ea1n n\u0103m 2017<\/figcaption><\/figure>\n<p><span style=\"font-weight: 400;\">C\u00e1c b\u00e0i vi\u1ebft c\u1ee7a anh lu\u00f4n mang t\u00ednh th\u1ef1c ti\u1ec5n cao, cung c\u1ea5p th\u00f4ng tin ch\u00ednh x\u00e1c v\u00e0 h\u1ed7 tr\u1ee3 ng\u01b0\u1eddi ch\u01a1i hi\u1ec7u qu\u1ea3 trong qu\u00e1 tr\u00ecnh tham gia c\u00e1 c\u01b0\u1ee3c.<\/span><\/p>\n<h2><span class=\"ez-toc-section\" id=\"Nhung_Dong_Gop_Noi_Bat_Cua_David_Jax_Nguyen\"><\/span><b>Nh\u1eefng \u0110\u00f3ng G\u00f3p N\u1ed5i B\u1eadt C\u1ee7a David Jax Nguy\u1ec5n<\/b><span class=\"ez-toc-section-end\"><\/span><\/h2>\n<p><span style=\"font-weight: 400;\">V\u1edbi h\u01a1n m\u1ed9t th\u1eadp k\u1ef7 ho\u1ea1t \u0111\u1ed9ng trong ng\u00e0nh, David Jax Nguy\u1ec5n \u0111\u00e3 c\u00f3 nhi\u1ec1u \u0111\u00f3ng g\u00f3p quan tr\u1ecdng cho s\u1ef1 ph\u00e1t tri\u1ec3n c\u1ee7a MM88. Nh\u1eefng gi\u00e1 tr\u1ecb m\u00e0 anh mang l\u1ea1i kh\u00f4ng ch\u1ec9 n\u1eb1m \u1edf n\u1ed9i dung m\u00e0 c\u00f2n \u1edf chi\u1ebfn l\u01b0\u1ee3c t\u1ed5ng th\u1ec3.<\/span><\/p>\n<h3><span class=\"ez-toc-section\" id=\"Dinh_huong_chien_luoc_noi_dung_chuyen_sau\"><\/span><b>\u0110\u1ecbnh h\u01b0\u1edbng chi\u1ebfn l\u01b0\u1ee3c n\u1ed9i dung chuy\u00ean s\u00e2u<\/b><span class=\"ez-toc-section-end\"><\/span><\/h3>\n<p><span style=\"font-weight: 400;\">L\u00e0 ng\u01b0\u1eddi c\u00f3 kinh nghi\u1ec7m th\u1ef1c chi\u1ebfn, David Jax Nguy\u1ec5n \u0111\u00e3 x\u00e2y d\u1ef1ng h\u1ec7 th\u1ed1ng n\u1ed9i dung chu\u1ea9n SEO, t\u1ed1i \u01b0u theo h\u00e0nh vi t\u00ecm ki\u1ebfm c\u1ee7a ng\u01b0\u1eddi d\u00f9ng.<\/span><\/p>\n<figure id=\"attachment_406\" aria-describedby=\"caption-attachment-406\" style=\"width: 512px\" class=\"wp-caption aligncenter\"><img loading=\"lazy\" decoding=\"async\" class=\"size-full wp-image-406\" src=\"https:\/\/unistudy.io\/wp-content\/uploads\/2026\/04\/jax-nguyen-dinh-huong-noi-dung-mm88.webp\" alt=\"Jax Nguy\u1ec5n v\u1edbi nh\u1eefng \u0111\u1ecbnh h\u01b0\u1edbng n\u1ed9i dung t\u1ea1i MM99\" width=\"512\" height=\"509\" title=\"\" srcset=\"https:\/\/unistudy.io\/wp-content\/uploads\/2026\/04\/jax-nguyen-dinh-huong-noi-dung-mm88.webp 512w, https:\/\/unistudy.io\/wp-content\/uploads\/2026\/04\/jax-nguyen-dinh-huong-noi-dung-mm88-300x298.webp 300w, https:\/\/unistudy.io\/wp-content\/uploads\/2026\/04\/jax-nguyen-dinh-huong-noi-dung-mm88-150x150.webp 150w\" sizes=\"auto, (max-width: 512px) 100vw, 512px\" \/><figcaption id=\"caption-attachment-406\" class=\"wp-caption-text\">Jax Nguy\u1ec5n v\u1edbi nh\u1eefng \u0111\u1ecbnh h\u01b0\u1edbng n\u1ed9i dung t\u1ea1i MM99<\/figcaption><\/figure>\n<p><span style=\"font-weight: 400;\">C\u00e1c b\u00e0i vi\u1ebft kh\u00f4ng ch\u1ec9 cung c\u1ea5p th\u00f4ng tin m\u00e0 c\u00f2n gi\u1ea3i quy\u1ebft tr\u1ef1c ti\u1ebfp v\u1ea5n \u0111\u1ec1, gi\u00fap ng\u01b0\u1eddi ch\u01a1i d\u1ec5 d\u00e0ng ti\u1ebfp c\u1eadn v\u00e0 \u00e1p d\u1ee5ng.<\/span><\/p>\n<h3><span class=\"ez-toc-section\" id=\"Chia_se_chien_luoc_va_kinh_nghiem_thuc_te\"><\/span><b>Chia s\u1ebb chi\u1ebfn l\u01b0\u1ee3c v\u00e0 kinh nghi\u1ec7m th\u1ef1c t\u1ebf<\/b><span class=\"ez-toc-section-end\"><\/span><\/h3>\n<p><span style=\"font-weight: 400;\">Kh\u00f4ng ch\u1ec9 l\u00e0 t\u00e1c gi\u1ea3, David Jax Nguy\u1ec5n c\u00f2n l\u00e0 ng\u01b0\u1eddi t\u1eebng tr\u1ea3i nghi\u1ec7m th\u1ef1c t\u1ebf trong l\u0129nh v\u1ef1c c\u00e1 c\u01b0\u1ee3c. Anh hi\u1ec3u r\u00f5 nh\u1eefng kh\u00f3 kh\u0103n v\u00e0 m\u1ee5c ti\u00eau c\u1ee7a ng\u01b0\u1eddi ch\u01a1i.<\/span><\/p>\n<p><span style=\"font-weight: 400;\">V\u00ec v\u1eady, anh th\u01b0\u1eddng xuy\u00ean chia s\u1ebb c\u00e1c chi\u1ebfn l\u01b0\u1ee3c hi\u1ec7u qu\u1ea3, d\u1ec5 \u00e1p d\u1ee5ng v\u00e0 ph\u00f9 h\u1ee3p v\u1edbi nhi\u1ec1u \u0111\u1ed1i t\u01b0\u1ee3ng kh\u00e1c nhau.<\/span><\/p>\n<h3><span class=\"ez-toc-section\" id=\"Phan_tich_keo_voi_do_chinh_xac_cao\"><\/span><b>Ph\u00e2n t\u00edch k\u00e8o v\u1edbi \u0111\u1ed9 ch\u00ednh x\u00e1c cao<\/b><span class=\"ez-toc-section-end\"><\/span><\/h3>\n<p><span style=\"font-weight: 400;\">M\u1ed9t trong nh\u1eefng \u0111i\u1ec3m m\u1ea1nh n\u1ed5i b\u1eadt c\u1ee7a David Jax Nguy\u1ec5n l\u00e0 kh\u1ea3 n\u0103ng ph\u00e2n t\u00edch k\u00e8o d\u1ef1a tr\u00ean d\u1eef li\u1ec7u v\u00e0 kinh nghi\u1ec7m th\u1ef1c t\u1ebf.<\/span><\/p>\n<p><span style=\"font-weight: 400;\">C\u00e1c nh\u1eadn \u0111\u1ecbnh c\u1ee7a anh lu\u00f4n c\u00f3 c\u01a1 s\u1edf r\u00f5 r\u00e0ng, gi\u00fap ng\u01b0\u1eddi ch\u01a1i \u0111\u01b0a ra quy\u1ebft \u0111\u1ecbnh ch\u00ednh x\u00e1c h\u01a1n. \u0110\u00e2y c\u0169ng l\u00e0 l\u00fd do c\u00e1c b\u00e0i vi\u1ebft c\u1ee7a anh \u0111\u01b0\u1ee3c c\u1ed9ng \u0111\u1ed3ng \u0111\u00e1nh gi\u00e1 cao.<\/span><\/p>\n<h2><span class=\"ez-toc-section\" id=\"Tam_Nhin_Va_Dinh_Huong_Phat_Trien_Trong_Tuong_Lai\"><\/span><b>T\u1ea7m Nh\u00ecn V\u00e0 \u0110\u1ecbnh H\u01b0\u1edbng Ph\u00e1t Tri\u1ec3n Trong T\u01b0\u01a1ng Lai<\/b><span class=\"ez-toc-section-end\"><\/span><\/h2>\n<p><span style=\"font-weight: 400;\">David Jax Nguy\u1ec5n kh\u00f4ng ch\u1ec9 d\u1eebng l\u1ea1i \u1edf nh\u1eefng th\u00e0nh c\u00f4ng hi\u1ec7n t\u1ea1i m\u00e0 c\u00f2n \u0111\u1eb7t m\u1ee5c ti\u00eau ph\u00e1t tri\u1ec3n l\u00e2u d\u00e0i cho MM88. Anh h\u01b0\u1edbng t\u1edbi vi\u1ec7c x\u00e2y d\u1ef1ng m\u1ed9t h\u1ec7 sinh th\u00e1i gi\u1ea3i tr\u00ed minh b\u1ea1ch, an to\u00e0n v\u00e0 th\u00e2n thi\u1ec7n v\u1edbi ng\u01b0\u1eddi d\u00f9ng.<\/span><\/p>\n<p><span style=\"font-weight: 400;\">Theo ghi nh\u1eadn th\u1ef1c t\u1ebf, anh \u0111ang t\u1eadp trung v\u00e0o vi\u1ec7c n\u00e2ng cao ch\u1ea5t l\u01b0\u1ee3ng n\u1ed9i dung, \u1ee9ng d\u1ee5ng c\u00f4ng ngh\u1ec7 m\u1edbi v\u00e0 t\u1ed1i \u01b0u tr\u1ea3i nghi\u1ec7m ng\u01b0\u1eddi ch\u01a1i. \u0110i\u1ec1u n\u00e0y gi\u00fap MM88 duy tr\u00ec v\u1ecb th\u1ebf c\u1ea1nh tranh v\u00e0 ph\u00e1t tri\u1ec3n b\u1ec1n v\u1eefng trong t\u01b0\u01a1ng lai.<\/span><\/p>\n<h2><span class=\"ez-toc-section\" id=\"Ket_Luan\"><\/span><b>K\u1ebft Lu\u1eadn<\/b><span class=\"ez-toc-section-end\"><\/span><\/h2>\n<p><span style=\"font-weight: 400;\">T\u00e1c gi\u1ea3 David Jax Nguy\u1ec5n l\u00e0 m\u1ed9t trong nh\u1eefng nh\u00e2n t\u1ed1 quan tr\u1ecdng g\u00f3p ph\u1ea7n t\u1ea1o n\u00ean th\u00e0nh c\u00f4ng c\u1ee7a <a href=\"https:\/\/unistudy.io\/\"><strong>MM88<\/strong><\/a>. V\u1edbi kinh nghi\u1ec7m d\u00e0y d\u1eb7n, t\u01b0 duy chi\u1ebfn l\u01b0\u1ee3c v\u00e0 s\u1ef1 t\u1eadn t\u00e2m trong t\u1eebng n\u1ed9i dung, anh \u0111\u00e3 kh\u1eb3ng \u0111\u1ecbnh \u0111\u01b0\u1ee3c v\u1ecb th\u1ebf c\u1ee7a m\u00ecnh trong ng\u00e0nh c\u00e1 c\u01b0\u1ee3c tr\u1ef1c tuy\u1ebfn.<\/span><\/p>\n<p><span style=\"font-weight: 400;\">H\u00e0nh tr\u00ecnh c\u1ee7a David Jax Nguy\u1ec5n v\u1eabn \u0111ang ti\u1ebfp t\u1ee5c v\u1edbi nhi\u1ec1u m\u1ee5c ti\u00eau l\u1edbn ph\u00eda tr\u01b0\u1edbc. Nh\u1eefng \u0111\u00f3ng g\u00f3p c\u1ee7a anh kh\u00f4ng ch\u1ec9 gi\u00fap ph\u00e1t tri\u1ec3n n\u1ec1n t\u1ea3ng m\u00e0 c\u00f2n mang l\u1ea1i gi\u00e1 tr\u1ecb thi\u1ebft th\u1ef1c cho c\u1ed9ng \u0111\u1ed3ng ng\u01b0\u1eddi ch\u01a1i.<\/span><\/p>\n<blockquote><p>T\u00ecm hi\u1ec3u nh\u00e0 c\u00e1i k\u1ef9 h\u01a1n t\u1ea1i: <a href=\"https:\/\/unistudy.io\/gioi-thieu-mm88\/\">Gi\u1edbi thi\u1ec7u MM88 uy t\u00edn h\u00e0ng \u0111\u1ea7u cho ng\u01b0\u1eddi ch\u01a1i<\/a><\/p><\/blockquote>\n","protected":false},"excerpt":{"rendered":"<p>T\u00e1c Gi\u1ea3 David Jax Nguy\u1ec5n V\u00e0 H\u00e0nh Tr\u00ecnh Kh\u1eb3ng \u0110\u1ecbnh T\u1ea1i MM88 T\u00e1c gi\u1ea3 David Jax Nguy\u1ec5n \u0111\u01b0\u1ee3c bi\u1ebft \u0111\u1ebfn l\u00e0 m\u1ed9t chuy\u00ean gia n\u1ed9i dung v\u00e0 chi\u1ebfn l\u01b0\u1ee3c h\u00e0ng \u0111\u1ea7u t\u1ea1i MM88. Anh ghi d\u1ea5u \u1ea5n m\u1ea1nh m\u1ebd v\u1edbi nh\u1eefng b\u00e0i ph\u00e2n t\u00edch chuy\u00ean s\u00e2u, g\u00f3c nh\u00ecn th\u1ef1c t\u1ebf v\u00e0 kh\u1ea3 n\u0103ng \u0111\u1ecbnh h\u01b0\u1edbng [&#8230;]\n","protected":false},"author":2,"featured_media":404,"parent":0,"menu_order":0,"comment_status":"closed","ping_status":"closed","template":"","meta":{"footnotes":""},"class_list":["post-317","page","type-page","status-publish","has-post-thumbnail","hentry"],"_links":{"self":[{"href":"https:\/\/unistudy.io\/vi-vn\/wp-json\/wp\/v2\/pages\/317","targetHints":{"allow":["GET"]}}],"collection":[{"href":"https:\/\/unistudy.io\/vi-vn\/wp-json\/wp\/v2\/pages"}],"about":[{"href":"https:\/\/unistudy.io\/vi-vn\/wp-json\/wp\/v2\/types\/page"}],"author":[{"embeddable":true,"href":"https:\/\/unistudy.io\/vi-vn\/wp-json\/wp\/v2\/users\/2"}],"replies":[{"embeddable":true,"href":"https:\/\/unistudy.io\/vi-vn\/wp-json\/wp\/v2\/comments?post=317"}],"version-history":[{"count":5,"href":"https:\/\/unistudy.io\/vi-vn\/wp-json\/wp\/v2\/pages\/317\/revisions"}],"predecessor-version":[{"id":502,"href":"https:\/\/unistudy.io\/vi-vn\/wp-json\/wp\/v2\/pages\/317\/revisions\/502"}],"wp:featuredmedia":[{"embeddable":true,"href":"https:\/\/unistudy.io\/vi-vn\/wp-json\/wp\/v2\/media\/404"}],"wp:attachment":[{"href":"https:\/\/unistudy.io\/vi-vn\/wp-json\/wp\/v2\/media?parent=317"}],"curies":[{"name":"wp","href":"https:\/\/api.w.org\/{rel}","templated":true}]}}